{"id":78,"date":"2026-03-24T10:12:53","date_gmt":"2026-03-24T09:12:53","guid":{"rendered":"https:\/\/fjo-technologie.fr\/?page_id=78"},"modified":"2026-04-09T16:32:28","modified_gmt":"2026-04-09T14:32:28","slug":"contact","status":"publish","type":"page","link":"https:\/\/fjo-technologie.fr\/?page_id=78","title":{"rendered":"Assistance"},"content":{"rendered":"\n<div class=\"wp-block-group alignfull has-tertiary-background-color has-background has-global-padding is-layout-constrained wp-container-core-group-is-layout-e9aa89f6 wp-block-group-is-layout-constrained\" style=\"margin-top:0;margin-bottom:0;padding-top:var(--wp--preset--spacing--xx-large);padding-right:var(--wp--preset--spacing--xx-large);padding-bottom:var(--wp--preset--spacing--xx-large);padding-left:var(--wp--preset--spacing--xx-large)\">\n<div class=\"wp-block-group has-background-background-color has-background has-global-padding is-layout-constrained wp-container-core-group-is-layout-e20e7e2d wp-block-group-is-layout-constrained\" style=\"border-top-left-radius:21px;border-top-right-radius:21px;border-bottom-left-radius:21px;border-bottom-right-radius:21px;padding-top:var(--wp--preset--spacing--large);padding-right:var(--wp--preset--spacing--large);padding-bottom:var(--wp--preset--spacing--large);padding-left:var(--wp--preset--spacing--large);box-shadow:var(--wp--preset--shadow--natural)\">\n<h1 class=\"wp-block-heading has-text-align-center has-primary-color has-text-color has-link-color wp-elements-9489d44fd2c22dea00ef1401da9804e7\" style=\"font-style:normal;font-weight:300;letter-spacing:12px;text-transform:uppercase\">Assistance<\/h1>\n\n\n\n<p class=\"has-text-align-center\">En cas de panne, vous pouvez nous contacter au\u00a0<strong>05 36 16 00 98<\/strong>\u00a0ou nous envoyer un mail sur\u00a0<strong>contact@fjo-technologie.fr<\/strong><\/p>\n\n\n\n<hr class=\"wp-block-separator has-text-color has-primary-color has-alpha-channel-opacity has-primary-background-color has-background\"\/>\n\n\n\n<div class=\"wp-block-buttons is-content-justification-center is-layout-flex wp-container-core-buttons-is-layout-a89b3969 wp-block-buttons-is-layout-flex\">\n<div class=\"wp-block-button\"><a class=\"wp-block-button__link wp-element-button\" href=\"https:\/\/cco-info.fr\/Assistance_CCO.exe\">T\u00e9l\u00e9charger l&rsquo;application d&rsquo;assistance<\/a><\/div>\n<\/div>\n<\/div>\n<\/div>\n\n\n\n<div class=\"wp-block-group alignfull has-background-background-color has-background has-global-padding is-layout-constrained wp-block-group-is-layout-constrained\" style=\"margin-top:0px;margin-bottom:0px;padding-top:var(--wp--preset--spacing--xx-large);padding-bottom:var(--wp--preset--spacing--xx-large)\">\n<div class=\"wp-block-group alignwide is-layout-flow wp-block-group-is-layout-flow\" style=\"padding-bottom:var(--wp--preset--spacing--medium)\">\n<div class=\"wp-block-columns are-vertically-aligned-bottom is-layout-flex wp-container-core-columns-is-layout-28f84493 wp-block-columns-is-layout-flex\">\n<div class=\"wp-block-column is-vertically-aligned-bottom is-layout-flow wp-block-column-is-layout-flow\">\n<p class=\"has-primary-color has-text-color has-base-font-size\">Rencontrez nous<\/p>\n\n\n\n<h2 class=\"wp-block-heading has-x-large-font-size\" style=\"margin-top:0.25rem\">Membres de l\u2019\u00e9quipe<\/h2>\n<\/div>\n<\/div>\n<\/div>\n\n\n\n<div class=\"wp-block-group alignwide is-layout-flow wp-block-group-is-layout-flow\">\n<div class=\"wp-block-columns is-layout-flex wp-container-core-columns-is-layout-f619a8c7 wp-block-columns-is-layout-flex\">\n<div class=\"wp-block-column is-layout-flow wp-block-column-is-layout-flow\">\n<figure class=\"wp-block-image aligncenter size-full is-resized has-custom-border\"><img loading=\"lazy\" decoding=\"async\" width=\"222\" height=\"244\" src=\"https:\/\/fjo-technologie.fr\/wp-content\/uploads\/2026\/03\/cedric.jpg\" alt=\"\" class=\"wp-image-63\" style=\"border-top-left-radius:48px;border-top-right-radius:48px;border-bottom-left-radius:48px;border-bottom-right-radius:48px;width:250px\"\/><\/figure>\n\n\n\n<div class=\"wp-block-group has-global-padding is-layout-constrained wp-container-core-group-is-layout-7bc66994 wp-block-group-is-layout-constrained\">\n<h2 class=\"wp-block-heading has-text-align-center has-medium-font-size\">C\u00e9dric COUDERC<\/h2>\n\n\n\n<p class=\"has-text-align-center has-primary-color has-text-color has-link-color has-base-font-size wp-elements-82fd2fbbd8163a6880a9291487718ee4\">Technique et Commerce<\/p>\n\n\n\n<p class=\"has-text-align-center has-text-color has-link-color wp-elements-baf9c7c0bb5d54879a27ef9e7a426232\" style=\"color:#636363;font-size:clamp(0.875rem, 0.875rem + ((1vw - 0.2rem) * 0.227), 1rem);\">cedric@fjo-technologie.fr<\/p>\n<\/div>\n<\/div>\n\n\n\n<div class=\"wp-block-column is-layout-flow wp-block-column-is-layout-flow\">\n<figure class=\"wp-block-image aligncenter size-full is-resized has-custom-border\"><img loading=\"lazy\" decoding=\"async\" width=\"763\" height=\"838\" src=\"https:\/\/fjo-technologie.fr\/wp-content\/uploads\/2026\/03\/francois.png\" alt=\"\" class=\"wp-image-64\" style=\"border-top-left-radius:48px;border-top-right-radius:48px;border-bottom-left-radius:48px;border-bottom-right-radius:48px;aspect-ratio:0.910508321749258;object-fit:cover;width:250px\" srcset=\"https:\/\/fjo-technologie.fr\/wp-content\/uploads\/2026\/03\/francois.png 763w, https:\/\/fjo-technologie.fr\/wp-content\/uploads\/2026\/03\/francois-273x300.png 273w\" sizes=\"auto, (max-width: 763px) 100vw, 763px\" \/><\/figure>\n\n\n\n<div class=\"wp-block-group has-global-padding is-layout-constrained wp-container-core-group-is-layout-7bc66994 wp-block-group-is-layout-constrained\">\n<h2 class=\"wp-block-heading has-text-align-center has-medium-font-size\">Fran\u00e7ois JANODET<\/h2>\n\n\n\n<p class=\"has-text-align-center has-primary-color has-text-color has-link-color has-base-font-size wp-elements-98fa5722d0892f3538188ab4dd82932f\">Expertise M\u00e9tier<\/p>\n\n\n\n<p class=\"has-text-align-center has-text-color has-link-color wp-elements-939e8fdec8c750fda3cbe8f373769f0f\" style=\"color:#636363;font-size:clamp(0.875rem, 0.875rem + ((1vw - 0.2rem) * 0.227), 1rem);\">fjo-technologie@orange.fr<\/p>\n<\/div>\n<\/div>\n\n\n\n<div class=\"wp-block-column is-layout-flow wp-block-column-is-layout-flow\">\n<figure class=\"wp-block-image aligncenter size-full is-resized has-custom-border\"><img loading=\"lazy\" decoding=\"async\" width=\"222\" height=\"246\" src=\"https:\/\/fjo-technologie.fr\/wp-content\/uploads\/2026\/03\/wallerand.jpg\" alt=\"\" class=\"wp-image-65\" style=\"border-top-left-radius:48px;border-top-right-radius:48px;border-bottom-left-radius:48px;border-bottom-right-radius:48px;width:250px\"\/><\/figure>\n\n\n\n<div class=\"wp-block-group has-global-padding is-layout-constrained wp-container-core-group-is-layout-7bc66994 wp-block-group-is-layout-constrained\">\n<h2 class=\"wp-block-heading has-text-align-center has-medium-font-size\">Wallerand LALUBIN<\/h2>\n\n\n\n<p class=\"has-text-align-center has-primary-color has-text-color has-link-color has-base-font-size wp-elements-c2a91b18b296080c7c8a20688924d723\">Commerce et M\u00e9tier<\/p>\n\n\n\n<p class=\"has-text-align-center has-text-color has-link-color wp-elements-cd30c060ad8145d0ed7c982cda88786d\" style=\"color:#636363;font-size:clamp(0.875rem, 0.875rem + ((1vw - 0.2rem) * 0.227), 1rem);\">wallerand@fjo-technologie.fr<\/p>\n<\/div>\n<\/div>\n<\/div>\n<\/div>\n<\/div>\n","protected":false},"excerpt":{"rendered":"<p>Assistance En cas de panne, vous pouvez nous contacter au\u00a005 36 16 00 98\u00a0ou nous envoyer un mail sur\u00a0contact@fjo-technologie.fr Rencontrez nous Membres de l\u2019\u00e9quipe C\u00e9dric COUDERC Technique et Commerce cedric@fjo-technologie.fr Fran\u00e7ois JANODET Expertise M\u00e9tier fjo-technologie@orange.fr Wallerand LALUBIN Commerce et M\u00e9tier wallerand@fjo-technologie.fr<\/p>\n","protected":false},"author":1,"featured_media":0,"parent":0,"menu_order":0,"comment_status":"closed","ping_status":"closed","template":"no-title-space","meta":{"footnotes":""},"class_list":["post-78","page","type-page","status-publish","hentry"],"_links":{"self":[{"href":"https:\/\/fjo-technologie.fr\/index.php?rest_route=\/wp\/v2\/pages\/78","targetHints":{"allow":["GET"]}}],"collection":[{"href":"https:\/\/fjo-technologie.fr\/index.php?rest_route=\/wp\/v2\/pages"}],"about":[{"href":"https:\/\/fjo-technologie.fr\/index.php?rest_route=\/wp\/v2\/types\/page"}],"author":[{"embeddable":true,"href":"https:\/\/fjo-technologie.fr\/index.php?rest_route=\/wp\/v2\/users\/1"}],"replies":[{"embeddable":true,"href":"https:\/\/fjo-technologie.fr\/index.php?rest_route=%2Fwp%2Fv2%2Fcomments&post=78"}],"version-history":[{"count":9,"href":"https:\/\/fjo-technologie.fr\/index.php?rest_route=\/wp\/v2\/pages\/78\/revisions"}],"predecessor-version":[{"id":206,"href":"https:\/\/fjo-technologie.fr\/index.php?rest_route=\/wp\/v2\/pages\/78\/revisions\/206"}],"wp:attachment":[{"href":"https:\/\/fjo-technologie.fr\/index.php?rest_route=%2Fwp%2Fv2%2Fmedia&parent=78"}],"curies":[{"name":"wp","href":"https:\/\/api.w.org\/{rel}","templated":true}]}}