{"id":77,"date":"2026-03-24T10:13:21","date_gmt":"2026-03-24T09:13:21","guid":{"rendered":"https:\/\/fjo-technologie.fr\/?page_id=77"},"modified":"2026-04-09T16:29:22","modified_gmt":"2026-04-09T14:29:22","slug":"notre-societe","status":"publish","type":"page","link":"https:\/\/fjo-technologie.fr\/?page_id=77","title":{"rendered":"L&rsquo;expertise FJO"},"content":{"rendered":"\n<div class=\"wp-block-group alignfull has-tertiary-background-color has-background has-global-padding is-layout-constrained wp-container-core-group-is-layout-a1f03b48 wp-block-group-is-layout-constrained\" style=\"margin-top:var(--wp--preset--spacing--medium);margin-bottom:var(--wp--preset--spacing--medium);padding-top:var(--wp--preset--spacing--xx-large);padding-right:var(--wp--preset--spacing--xx-large);padding-bottom:var(--wp--preset--spacing--xx-large);padding-left:var(--wp--preset--spacing--xx-large)\">\n<div class=\"wp-block-group alignwide is-content-justification-center is-nowrap is-layout-flex wp-container-core-group-is-layout-ff976b70 wp-block-group-is-layout-flex\">\n<figure class=\"wp-block-image size-large has-custom-border\"><img loading=\"lazy\" decoding=\"async\" width=\"1024\" height=\"683\" src=\"https:\/\/fjo-technologie.fr\/wp-content\/uploads\/2026\/04\/zan-lazarevic-AmEeEB1g3XQ-unsplash-1024x683.jpg\" alt=\"\" class=\"wp-image-164\" style=\"border-top-left-radius:100px;border-top-right-radius:100px;border-bottom-left-radius:0px;border-bottom-right-radius:100px;border-top-color:var(--wp--preset--color--light-green-cyan);border-top-width:16px;border-right-color:var(--wp--preset--color--light-green-cyan);border-right-width:12px;border-bottom-style:none;border-bottom-width:0px;border-left-style:none;border-left-width:0px\" srcset=\"https:\/\/fjo-technologie.fr\/wp-content\/uploads\/2026\/04\/zan-lazarevic-AmEeEB1g3XQ-unsplash-1024x683.jpg 1024w, https:\/\/fjo-technologie.fr\/wp-content\/uploads\/2026\/04\/zan-lazarevic-AmEeEB1g3XQ-unsplash-300x200.jpg 300w, https:\/\/fjo-technologie.fr\/wp-content\/uploads\/2026\/04\/zan-lazarevic-AmEeEB1g3XQ-unsplash-768x512.jpg 768w, https:\/\/fjo-technologie.fr\/wp-content\/uploads\/2026\/04\/zan-lazarevic-AmEeEB1g3XQ-unsplash-1536x1024.jpg 1536w, https:\/\/fjo-technologie.fr\/wp-content\/uploads\/2026\/04\/zan-lazarevic-AmEeEB1g3XQ-unsplash-2048x1365.jpg 2048w\" sizes=\"auto, (max-width: 1024px) 100vw, 1024px\" \/><\/figure>\n\n\n\n<div class=\"wp-block-group has-global-padding is-layout-constrained wp-block-group-is-layout-constrained\">\n<h1 class=\"wp-block-heading\">L&rsquo;expertise FJO<\/h1>\n\n\n\n<p>Cr\u00e9\u00e9 en 1990, le cabinet de conseil FJO d\u00e9ploie son expertise au service des entreprises de la fili\u00e8re agricole et agro-alimentaire. Sp\u00e9cialis\u00e9 dans les m\u00e9tiers de la viande et des salaisons, il intervient en tant que consultant en strat\u00e9gie, ainsi qu\u2019en&nbsp;<strong>programmation, \u00e9dition et maintenance de logiciels informatiques.<\/strong><\/p>\n<\/div>\n<\/div>\n<\/div>\n\n\n\n<div class=\"wp-block-group alignwide has-global-padding is-layout-constrained wp-container-core-group-is-layout-4c118776 wp-block-group-is-layout-constrained\" style=\"margin-top:var(--wp--preset--spacing--x-large);margin-bottom:var(--wp--preset--spacing--x-large);padding-top:var(--wp--preset--spacing--large);padding-right:var(--wp--preset--spacing--large);padding-bottom:var(--wp--preset--spacing--large);padding-left:var(--wp--preset--spacing--large)\">\n<div class=\"wp-block-group has-global-padding is-layout-constrained wp-container-core-group-is-layout-e20e7e2d wp-block-group-is-layout-constrained\" style=\"border-left-color:var(--wp--preset--color--light-green-cyan);border-left-width:16px;padding-top:var(--wp--preset--spacing--large);padding-right:var(--wp--preset--spacing--large);padding-bottom:var(--wp--preset--spacing--large);padding-left:var(--wp--preset--spacing--large)\">\n<h2 class=\"wp-block-heading\">Comp\u00e9tences &amp; savoirs-faires<\/h2>\n\n\n\n<p>Le cabinet de conseil FJO est n\u00e9 d\u2019une double comp\u00e9tence : celle des m\u00e9tiers du vivant et celle des technologies de l\u2019information et de la communication.<\/p>\n\n\n\n<p>Il a \u00e9t\u00e9 cr\u00e9\u00e9 par Fran\u00e7ois Janodet, Ing\u00e9nieur Agronome, sp\u00e9cialis\u00e9 dans l\u2019informatique appliqu\u00e9e \u00e0 la gestion des entreprises. Ancien dirigeant de soci\u00e9t\u00e9s de service informatiques d\u00e9di\u00e9es au monde agricole et agro-alimentaire, il accompagne d\u00e9sormais les entreprises du secteur dans la&nbsp;<strong>strat\u00e9gie et le d\u00e9veloppement de leur syst\u00e8me d\u2019information<\/strong>.<\/p>\n<\/div>\n<\/div>\n\n\n\n<div class=\"wp-block-group alignfull has-global-padding is-layout-constrained wp-container-core-group-is-layout-cbe2a438 wp-block-group-is-layout-constrained\" style=\"margin-top:var(--wp--preset--spacing--medium);margin-bottom:var(--wp--preset--spacing--medium);padding-top:var(--wp--preset--spacing--xx-large);padding-right:var(--wp--preset--spacing--medium);padding-bottom:var(--wp--preset--spacing--xx-large);padding-left:var(--wp--preset--spacing--medium)\">\n<div class=\"wp-block-group alignwide is-vertical is-content-justification-center is-layout-flex wp-container-core-group-is-layout-ce155fab wp-block-group-is-layout-flex\">\n<svg xmlns=\"http:\/\/www.w3.org\/2000\/svg\" id=\"Layer_1\" data-name=\"Layer 1\" viewBox=\"0 0 24 24\" width=\"64px\" height=\"64px\">\n <path d=\"m18.624 14.363c-.649-.697-1.36-1.438-2.125-2.203-.124-.124-.305-.174-.473-.132-.919.227-1.655.569-2.25 1.04l-5.912-5.912c.186-.974.178-2.011-.044-3.245-.024-.135-.104-.255-.219-.33l-3.828-2.5c-.136-.089-.306-.105-.456-.047-1.023.402-1.788 1.164-2.275 2.264-.068.155-.054.334.039.476l2.5 3.827c.075.115.194.194.33.219 1.151.205 2.164.256 3.245.044l5.912 5.912c-.471.596-.815 1.333-1.044 2.254-.042.17.008.35.132.474.765.765 1.533 1.495 2.231 2.146 1.592 1.472 3.029 2.688 3.948 3.443.642.547 1.253.912 1.904.912.563 0 1.155-.273 1.821-.939 1.407-1.407 1.056-2.466.033-3.719-1.162-1.414-2.296-2.717-3.469-3.982zm-14.325-7.492-2.227-3.409c.334-.647.789-1.106 1.38-1.396l3.418 2.233c.16.986.171 1.826.033 2.604-.778.137-1.618.127-2.604-.033zm17.054 14.486c-.864.865-1.329.859-2.376-.032-.915-.753-2.336-1.955-3.909-3.41-.627-.584-1.312-1.234-2-1.916.464-1.618 1.312-2.468 2.927-2.928.679.684 1.313 1.346 1.896 1.973 1.159 1.25 2.28 2.538 3.429 3.936.881 1.079.888 1.523.034 2.378zm-11.672-15.968c-.215-.173-.249-.487-.075-.702.291-.361.618-.723 1-1.104 2.737-2.736 5.099-3.269 7.659-1.729.257.147.322.523.128.747-.726.879-1.507 1.842-2.055 2.516l-.617.758c-.922 1.081-.927 1.562-.033 2.457.883.883 1.343.877 2.458-.033l.664-.544c.676-.551 1.684-1.375 2.601-2.135.226-.196.6-.132.748.127 1.44 2.398 1.029 4.685-1.292 7.197-.188.204-.504.215-.707.028-.203-.188-.215-.504-.028-.706 1.854-2.007 2.305-3.679 1.447-5.488-.78.644-1.574 1.292-2.137 1.752l-.662.541c-1.28 1.046-2.361 1.404-3.799-.032-1.465-1.466-1.071-2.582-.027-3.806l.607-.746c.453-.558 1.065-1.312 1.673-2.053-1.924-.913-3.729-.337-5.922 1.856-.352.352-.665.696-.929 1.024-.173.216-.488.25-.703.075zm.817 11.765c.191.199.185.516-.015.707-.28.268-.555.526-.823.776-1.256 1.163-2.558 2.298-3.982 3.469-.667.545-1.278.899-1.917.899-.561 0-1.143-.273-1.801-.932-1.436-1.436-1.049-2.527-.027-3.725.751-.914 1.964-2.348 3.442-3.947.682-.733 1.476-1.564 2.271-2.356.195-.195.512-.195.707 0s.195.512 0 .707c-.788.785-1.572 1.607-2.245 2.33-1.461 1.58-2.66 2.998-3.409 3.908-.892 1.046-.897 1.511-.033 2.376.855.854 1.299.849 2.377-.034 1.408-1.157 2.695-2.279 3.935-3.428.264-.246.536-.501.812-.767.198-.19.515-.185.707.016z\" fill=\"#00d084\"\/>\n<\/svg>\n\n\n\n<h2 class=\"wp-block-heading has-text-align-center has-vivid-green-cyan-color has-text-color has-link-color wp-elements-5652280bcbaa8086b5b79b463e989e1a\" style=\"font-style:normal;font-weight:300;letter-spacing:12px;text-transform:uppercase\">M\u00e9thodes et outils<\/h2>\n\n\n\n<div class=\"wp-block-group is-vertical is-content-justification-center is-layout-flex wp-container-core-group-is-layout-c1ce6661 wp-block-group-is-layout-flex\" style=\"padding-left:var(--wp--preset--spacing--large)\">\n<p class=\"has-text-align-center\">Les d\u00e9veloppements informatiques sont assur\u00e9s avec le&nbsp;<strong>L5G WinDev<\/strong>&nbsp;et sa base de donn\u00e9es associ\u00e9es&nbsp;de l\u2019\u00e9diteur&nbsp;<a href=\"https:\/\/www.pcsoft.fr\/\" target=\"_blank\" rel=\"noreferrer noopener\">PC Soft<\/a>&nbsp;.<\/p>\n\n\n\n<hr class=\"wp-block-separator has-text-color has-light-green-cyan-color has-alpha-channel-opacity has-light-green-cyan-background-color has-background is-style-default\" style=\"margin-top:var(--wp--preset--spacing--xx-small);margin-bottom:var(--wp--preset--spacing--xx-small)\"\/>\n\n\n\n<div class=\"wp-block-group is-nowrap is-layout-flex wp-container-core-group-is-layout-56b0872b wp-block-group-is-layout-flex\" style=\"padding-top:var(--wp--preset--spacing--small);padding-bottom:var(--wp--preset--spacing--small);padding-left:0\">\n<div class=\"wp-block-group is-vertical is-layout-flex wp-container-core-group-is-layout-f5458bf3 wp-block-group-is-layout-flex\" style=\"padding-right:var(--wp--preset--spacing--small);padding-left:var(--wp--preset--spacing--small)\">\n<p class=\"has-text-align-center\">Afin d\u2019assurer un meilleur service, une meilleure ergonomie et toujours plus de facilit\u00e9 et de fiabilit\u00e9, nos applications proposent de nombreuses possibilit\u00e9s d\u2019utilisation :<\/p>\n\n\n\n<ul class=\"wp-block-list\">\n<li>Portables sur smartphones ou sur tablettes, ou fixes sur station de travail<\/li>\n\n\n\n<li>Isol\u00e9es ou en r\u00e9seau<\/li>\n\n\n\n<li>sur PDA industriel, Panel PC, \u2026<\/li>\n<\/ul>\n<\/div>\n\n\n\n<div class=\"wp-block-group is-vertical is-layout-flex wp-container-core-group-is-layout-f5458bf3 wp-block-group-is-layout-flex\" style=\"padding-right:var(--wp--preset--spacing--small);padding-left:var(--wp--preset--spacing--small)\">\n<p class=\"has-text-align-center\">De l\u2019\u00e9tude du projet \u00e0 la maintenance en passant par le d\u00e9veloppement d\u2019une solution logicielle 100 % adapt\u00e9e, nous suivons une m\u00e9thode inspir\u00e9e de la m\u00e9thode AGILE. Pragmatique et efficace, elle favorise :<\/p>\n\n\n\n<ul class=\"wp-block-list\">\n<li>Les individus et leurs interactions<\/li>\n\n\n\n<li>L\u2019op\u00e9rationnel<\/li>\n\n\n\n<li>La collaboration entre prestataire et client<\/li>\n\n\n\n<li>L\u2019\u00e9volutivit\u00e9 et l\u2019adaptation au changement<\/li>\n<\/ul>\n<\/div>\n<\/div>\n<\/div>\n<\/div>\n\n\n\n<div class=\"wp-block-group is-vertical is-layout-flex wp-container-core-group-is-layout-fe9cc265 wp-block-group-is-layout-flex\">\n<figure class=\"wp-block-image size-full\"><img loading=\"lazy\" decoding=\"async\" width=\"768\" height=\"184\" src=\"http:\/\/localhost:8000\/wp-content\/uploads\/2026\/04\/FJO-methode-1-768x184-1.png\" alt=\"\" class=\"wp-image-162\" srcset=\"https:\/\/fjo-technologie.fr\/wp-content\/uploads\/2026\/04\/FJO-methode-1-768x184-1.png 768w, https:\/\/fjo-technologie.fr\/wp-content\/uploads\/2026\/04\/FJO-methode-1-768x184-1-300x72.png 300w\" sizes=\"auto, (max-width: 768px) 100vw, 768px\" \/><\/figure>\n<\/div>\n<\/div>\n\n\n\n<div class=\"wp-block-group alignfull has-global-padding is-layout-constrained wp-container-core-group-is-layout-7891fa92 wp-block-group-is-layout-constrained\" style=\"padding-top:var(--wp--preset--spacing--xx-large);padding-right:var(--wp--preset--spacing--small);padding-bottom:var(--wp--preset--spacing--xx-large);padding-left:var(--wp--preset--spacing--small)\">\n<h2 class=\"wp-block-heading alignwide has-text-align-center has-vivid-green-cyan-color has-text-color has-link-color wp-elements-1c2b9203682fafcdbc6b62f5d6fff24e\" style=\"font-style:normal;font-weight:300;letter-spacing:12px;text-transform:uppercase\">Maintenance &amp; assistance<\/h2>\n\n\n\n<div class=\"wp-block-group alignwide is-nowrap is-layout-flex wp-container-core-group-is-layout-6c531013 wp-block-group-is-layout-flex\">\n<div class=\"wp-block-group alignwide has-global-padding is-layout-constrained wp-block-group-is-layout-constrained\">\n<div class=\"wp-block-group is-vertical is-layout-flex wp-container-core-group-is-layout-3c287548 wp-block-group-is-layout-flex\" style=\"padding-top:var(--wp--preset--spacing--large);padding-right:var(--wp--preset--spacing--medium);padding-bottom:var(--wp--preset--spacing--large);padding-left:var(--wp--preset--spacing--medium)\">\n<p>A livraison du logiciel, une formation est assur\u00e9e pour vous permettre une meilleure prise en main de l\u2019outil.<\/p>\n\n\n\n<p>En interne ou en prestation de service, choisissez votre gestion logicielle. Pour toujours plus de proximit\u00e9, notre service d\u2019acc\u00e8s \u00e0 distance nous permet d\u2019intervenir directement aupr\u00e8s du syst\u00e8me de nos clients, quelle que soit l\u2019intervention : diagnostic, d\u00e9pannage et assistance, mise \u00e0 jour, formations compl\u00e9mentaires\u2026<\/p>\n\n\n\n<p>De plus, vous pourrez acc\u00e9der directement \u00e0 une documentation d\u00e9taill\u00e9e comme \u00e0 nos mises \u00e0 jour en passant par notre espace client.<\/p>\n<\/div>\n<\/div>\n\n\n\n<figure class=\"wp-block-image size-large has-custom-border\"><img loading=\"lazy\" decoding=\"async\" width=\"1024\" height=\"683\" src=\"https:\/\/fjo-technologie.fr\/wp-content\/uploads\/2026\/04\/compagnons-B2zWzmlyBuk-unsplash-1-1024x683.jpg\" alt=\"\" class=\"wp-image-187\" style=\"border-top-left-radius:100px;border-top-right-radius:100px;border-bottom-left-radius:100px;border-bottom-right-radius:0px;border-top-color:var(--wp--preset--color--light-green-cyan);border-top-width:20px;border-right-color:var(--wp--preset--color--light-green-cyan);border-right-style:none;border-right-width:0px;border-bottom-color:var(--wp--preset--color--light-green-cyan);border-bottom-style:none;border-bottom-width:0px;border-left-color:var(--wp--preset--color--light-green-cyan);border-left-width:16px;box-shadow:var(--wp--preset--shadow--sharp);aspect-ratio:16\/9;object-fit:cover\" srcset=\"https:\/\/fjo-technologie.fr\/wp-content\/uploads\/2026\/04\/compagnons-B2zWzmlyBuk-unsplash-1-1024x683.jpg 1024w, https:\/\/fjo-technologie.fr\/wp-content\/uploads\/2026\/04\/compagnons-B2zWzmlyBuk-unsplash-1-300x200.jpg 300w, https:\/\/fjo-technologie.fr\/wp-content\/uploads\/2026\/04\/compagnons-B2zWzmlyBuk-unsplash-1-768x512.jpg 768w, https:\/\/fjo-technologie.fr\/wp-content\/uploads\/2026\/04\/compagnons-B2zWzmlyBuk-unsplash-1-1536x1024.jpg 1536w, https:\/\/fjo-technologie.fr\/wp-content\/uploads\/2026\/04\/compagnons-B2zWzmlyBuk-unsplash-1-2048x1365.jpg 2048w\" sizes=\"auto, (max-width: 1024px) 100vw, 1024px\" \/><\/figure>\n<\/div>\n<\/div>\n\n\n\n<div class=\"wp-block-group alignfull has-tertiary-background-color has-background has-global-padding is-layout-constrained wp-block-group-is-layout-constrained\" style=\"margin-top:0px;margin-bottom:0px;padding-top:var(--wp--preset--spacing--xx-large);padding-bottom:var(--wp--preset--spacing--xx-large)\">\n<div class=\"wp-block-group alignwide is-layout-flow wp-block-group-is-layout-flow\" style=\"padding-bottom:var(--wp--preset--spacing--medium)\">\n<div class=\"wp-block-columns are-vertically-aligned-bottom is-layout-flex wp-container-core-columns-is-layout-28f84493 wp-block-columns-is-layout-flex\">\n<div class=\"wp-block-column is-vertically-aligned-bottom is-layout-flow wp-block-column-is-layout-flow\">\n<p class=\"has-primary-color has-text-color has-base-font-size\">Rencontrez nous<\/p>\n\n\n\n<h2 class=\"wp-block-heading has-x-large-font-size\" style=\"margin-top:0.25rem\">Membres de l\u2019\u00e9quipe<\/h2>\n<\/div>\n<\/div>\n<\/div>\n\n\n\n<div class=\"wp-block-group alignwide is-layout-flow wp-block-group-is-layout-flow\">\n<div class=\"wp-block-columns is-layout-flex wp-container-core-columns-is-layout-f619a8c7 wp-block-columns-is-layout-flex\">\n<div class=\"wp-block-column is-layout-flow wp-block-column-is-layout-flow\">\n<figure class=\"wp-block-image aligncenter size-full is-resized has-custom-border\"><img loading=\"lazy\" decoding=\"async\" width=\"222\" height=\"244\" src=\"https:\/\/fjo-technologie.fr\/wp-content\/uploads\/2026\/03\/cedric.jpg\" alt=\"\" class=\"wp-image-63\" style=\"border-top-left-radius:48px;border-top-right-radius:48px;border-bottom-left-radius:48px;border-bottom-right-radius:48px;width:250px\"\/><\/figure>\n\n\n\n<div class=\"wp-block-group has-global-padding is-layout-constrained wp-container-core-group-is-layout-7bc66994 wp-block-group-is-layout-constrained\">\n<h2 class=\"wp-block-heading has-text-align-center has-medium-font-size\">C\u00e9dric COUDERC<\/h2>\n\n\n\n<p class=\"has-text-align-center has-primary-color has-text-color has-link-color has-base-font-size wp-elements-82fd2fbbd8163a6880a9291487718ee4\">Technique et Commerce<\/p>\n\n\n\n<p class=\"has-text-align-center has-text-color has-link-color wp-elements-baf9c7c0bb5d54879a27ef9e7a426232\" style=\"color:#636363;font-size:clamp(0.875rem, 0.875rem + ((1vw - 0.2rem) * 0.227), 1rem);\">cedric@fjo-technologie.fr<\/p>\n<\/div>\n<\/div>\n\n\n\n<div class=\"wp-block-column is-layout-flow wp-block-column-is-layout-flow\">\n<figure class=\"wp-block-image aligncenter size-full is-resized has-custom-border\"><img loading=\"lazy\" decoding=\"async\" width=\"763\" height=\"838\" src=\"https:\/\/fjo-technologie.fr\/wp-content\/uploads\/2026\/03\/francois.png\" alt=\"\" class=\"wp-image-64\" style=\"border-top-left-radius:48px;border-top-right-radius:48px;border-bottom-left-radius:48px;border-bottom-right-radius:48px;aspect-ratio:0.910508321749258;object-fit:cover;width:250px\" srcset=\"https:\/\/fjo-technologie.fr\/wp-content\/uploads\/2026\/03\/francois.png 763w, https:\/\/fjo-technologie.fr\/wp-content\/uploads\/2026\/03\/francois-273x300.png 273w\" sizes=\"auto, (max-width: 763px) 100vw, 763px\" \/><\/figure>\n\n\n\n<div class=\"wp-block-group has-global-padding is-layout-constrained wp-container-core-group-is-layout-7bc66994 wp-block-group-is-layout-constrained\">\n<h2 class=\"wp-block-heading has-text-align-center has-medium-font-size\">Fran\u00e7ois JANODET<\/h2>\n\n\n\n<p class=\"has-text-align-center has-primary-color has-text-color has-link-color has-base-font-size wp-elements-98fa5722d0892f3538188ab4dd82932f\">Expertise M\u00e9tier<\/p>\n\n\n\n<p class=\"has-text-align-center has-text-color has-link-color wp-elements-939e8fdec8c750fda3cbe8f373769f0f\" style=\"color:#636363;font-size:clamp(0.875rem, 0.875rem + ((1vw - 0.2rem) * 0.227), 1rem);\">fjo-technologie@orange.fr<\/p>\n<\/div>\n<\/div>\n\n\n\n<div class=\"wp-block-column is-layout-flow wp-block-column-is-layout-flow\">\n<figure class=\"wp-block-image aligncenter size-full is-resized has-custom-border\"><img loading=\"lazy\" decoding=\"async\" width=\"222\" height=\"246\" src=\"https:\/\/fjo-technologie.fr\/wp-content\/uploads\/2026\/03\/wallerand.jpg\" alt=\"\" class=\"wp-image-65\" style=\"border-top-left-radius:48px;border-top-right-radius:48px;border-bottom-left-radius:48px;border-bottom-right-radius:48px;width:250px\"\/><\/figure>\n\n\n\n<div class=\"wp-block-group has-global-padding is-layout-constrained wp-container-core-group-is-layout-7bc66994 wp-block-group-is-layout-constrained\">\n<h2 class=\"wp-block-heading has-text-align-center has-medium-font-size\">Wallerand LALUBIN<\/h2>\n\n\n\n<p class=\"has-text-align-center has-primary-color has-text-color has-link-color has-base-font-size wp-elements-c2a91b18b296080c7c8a20688924d723\">Commerce et M\u00e9tier<\/p>\n\n\n\n<p class=\"has-text-align-center has-text-color has-link-color wp-elements-cd30c060ad8145d0ed7c982cda88786d\" style=\"color:#636363;font-size:clamp(0.875rem, 0.875rem + ((1vw - 0.2rem) * 0.227), 1rem);\">wallerand@fjo-technologie.fr<\/p>\n<\/div>\n<\/div>\n<\/div>\n<\/div>\n<\/div>\n","protected":false},"excerpt":{"rendered":"<p>L&rsquo;expertise FJO Cr\u00e9\u00e9 en 1990, le cabinet de conseil FJO d\u00e9ploie son expertise au service des entreprises de la fili\u00e8re agricole et agro-alimentaire. Sp\u00e9cialis\u00e9 dans les m\u00e9tiers de la viande et des salaisons, il intervient en tant que consultant en strat\u00e9gie, ainsi qu\u2019en&nbsp;programmation, \u00e9dition et maintenance de logiciels informatiques. Comp\u00e9tences &amp; savoirs-faires Le cabinet de [&hellip;]<\/p>\n","protected":false},"author":1,"featured_media":0,"parent":0,"menu_order":0,"comment_status":"closed","ping_status":"closed","template":"no-title-space","meta":{"footnotes":""},"class_list":["post-77","page","type-page","status-publish","hentry"],"_links":{"self":[{"href":"https:\/\/fjo-technologie.fr\/index.php?rest_route=\/wp\/v2\/pages\/77","targetHints":{"allow":["GET"]}}],"collection":[{"href":"https:\/\/fjo-technologie.fr\/index.php?rest_route=\/wp\/v2\/pages"}],"about":[{"href":"https:\/\/fjo-technologie.fr\/index.php?rest_route=\/wp\/v2\/types\/page"}],"author":[{"embeddable":true,"href":"https:\/\/fjo-technologie.fr\/index.php?rest_route=\/wp\/v2\/users\/1"}],"replies":[{"embeddable":true,"href":"https:\/\/fjo-technologie.fr\/index.php?rest_route=%2Fwp%2Fv2%2Fcomments&post=77"}],"version-history":[{"count":30,"href":"https:\/\/fjo-technologie.fr\/index.php?rest_route=\/wp\/v2\/pages\/77\/revisions"}],"predecessor-version":[{"id":202,"href":"https:\/\/fjo-technologie.fr\/index.php?rest_route=\/wp\/v2\/pages\/77\/revisions\/202"}],"wp:attachment":[{"href":"https:\/\/fjo-technologie.fr\/index.php?rest_route=%2Fwp%2Fv2%2Fmedia&parent=77"}],"curies":[{"name":"wp","href":"https:\/\/api.w.org\/{rel}","templated":true}]}}